{"id":5679,"date":"2025-08-06T18:46:26","date_gmt":"2025-08-07T01:46:26","guid":{"rendered":"https:\/\/cedrossportfishingwithtoro.com\/?page_id=5679"},"modified":"2026-01-29T15:07:49","modified_gmt":"2026-01-29T23:07:49","slug":"privacy-policy","status":"publish","type":"page","link":"https:\/\/cedrossportfishingwithtoro.com\/es\/privacy-policy\/","title":{"rendered":"Pol\u00edtica de Privacidad"},"content":{"rendered":"<div data-elementor-type=\"wp-page\" data-elementor-id=\"5679\" class=\"elementor elementor-5679\" data-elementor-post-type=\"page\">\n\t\t\t\t\t\t<section class=\"elementor-section elementor-top-section elementor-element elementor-element-5519ffb elementor-section-boxed elementor-section-height-default elementor-section-height-default\" data-id=\"5519ffb\" data-element_type=\"section\" data-e-type=\"section\" data-settings=\"{&quot;jet_parallax_layout_list&quot;:[]}\">\n\t\t\t\t\t\t<div class=\"elementor-container elementor-column-gap-default\">\n\t\t\t\t\t<div class=\"elementor-column elementor-col-100 elementor-top-column elementor-element elementor-element-34ed2b4\" data-id=\"34ed2b4\" data-element_type=\"column\" data-e-type=\"column\">\n\t\t\t<div class=\"elementor-widget-wrap elementor-element-populated\">\n\t\t\t\t\t\t<div class=\"elementor-element elementor-element-12d86d4 elementor-widget elementor-widget-text-editor\" data-id=\"12d86d4\" data-element_type=\"widget\" data-e-type=\"widget\" data-widget_type=\"text-editor.default\">\n\t\t\t\t<div class=\"elementor-widget-container\">\n\t\t\t\t\t\t\t\t\t<p>Esta pol\u00edtica de privacidad establece c\u00f3mo Cedros Sportfishing With Toro utiliza y protege cualquier informaci\u00f3n que usted le proporcione a Cedros Sportfishing With Toro cuando utiliza este sitio web.<\/p><p>Cedros Sportfishing With Toro se compromete a garantizar la protecci\u00f3n de su privacidad. En caso de que le solicitemos que proporcione cierta informaci\u00f3n mediante la cual pueda ser identificado al utilizar este sitio web, puede estar seguro de que solo se utilizar\u00e1 de acuerdo con esta declaraci\u00f3n de privacidad.<\/p><p>Cedros Sportfishing With Toro puede cambiar esta pol\u00edtica de vez en cuando al actualizar esta p\u00e1gina. Debe consultar esta p\u00e1gina de vez en cuando para asegurarse de que est\u00e1 satisfecho con los cambios. Esta pol\u00edtica entra en vigencia a partir del 18 de junio de 2021.<\/p><p><strong>Lo que recolectamos<\/strong><\/p><p>Podemos recopilar la siguiente informaci\u00f3n:<\/p><ul><li>informaci\u00f3n de contacto, incluida la direcci\u00f3n de correo electr\u00f3nico<\/li><li>informaci\u00f3n demogr\u00e1fica como c\u00f3digo postal, preferencias e intereses<\/li><li>otra informaci\u00f3n relevante para encuestas de clientes y \/ u ofertas<\/li><\/ul><p><strong>Qu\u00e9 hacemos con la informaci\u00f3n que recopilamos<\/strong><\/p><p>Requerimos esta informaci\u00f3n para comprender sus necesidades y brindarle un mejor servicio, y en particular por las siguientes razones:<\/p><ul><li>Mantenimiento de registros internos.<\/li><li>Podemos utilizar la informaci\u00f3n para mejorar nuestros productos y servicios.<\/li><li>Podemos enviar correos electr\u00f3nicos promocionales peri\u00f3dicamente.<strong>\u00a0<\/strong>sobre nuevos productos, ofertas especiales u otra informaci\u00f3n que creemos que puede resultarle interesante utilizando la direcci\u00f3n de correo electr\u00f3nico que nos ha proporcionado.<\/li><li>De vez en cuando, tambi\u00e9n podemos utilizar su informaci\u00f3n para comunicarnos con usted con fines de investigaci\u00f3n de mercado. Podemos comunicarnos con usted por correo electr\u00f3nico, tel\u00e9fono, fax o correo. Podemos utilizar la informaci\u00f3n para personalizar el sitio web de acuerdo con sus intereses.<\/li><\/ul><p><strong>Seguridad<\/strong><\/p><p>Estamos comprometidos a garantizar que su informaci\u00f3n est\u00e9 segura. Para evitar el acceso o la divulgaci\u00f3n no autorizados,<strong>\u00a0<\/strong>Hemos implementado procedimientos f\u00edsicos, electr\u00f3nicos y administrativos adecuados para salvaguardar y asegurar la informaci\u00f3n que recopilamos en l\u00ednea.<\/p><p><strong>Como usamos las cookies<\/strong><\/p><p>Una cookie es un peque\u00f1o archivo que solicita permiso para colocarse en el disco duro de su computadora. Una vez que acepta, se agrega el archivo y la cookie ayuda a analizar el tr\u00e1fico web o le permite saber cu\u00e1ndo visita un sitio en particular. Las cookies permiten que las aplicaciones web le respondan como un individuo. La aplicaci\u00f3n web puede adaptar sus operaciones a sus necesidades, gustos y disgustos al recopilar y recordar informaci\u00f3n sobre sus preferencias.<\/p><p>Usamos cookies de registro de tr\u00e1fico para identificar qu\u00e9 p\u00e1ginas se est\u00e1n utilizando. Esto nos ayuda a analizar datos sobre el tr\u00e1fico de la p\u00e1gina web y mejorar nuestro sitio web para adaptarlo a las necesidades del cliente. Solo usamos esta informaci\u00f3n con fines de an\u00e1lisis estad\u00edstico y luego los datos se eliminan del sistema.<\/p><p>En general, las cookies nos ayudan a brindarle un mejor sitio web, al permitirnos monitorear qu\u00e9 p\u00e1ginas encuentra \u00fatiles y cu\u00e1les no. Una cookie de ninguna manera nos da acceso a su computadora ni a ninguna informaci\u00f3n sobre usted, aparte de los datos que elija compartir con nosotros.<\/p><p>Puede optar por aceptar o rechazar las cookies. La mayor\u00eda de los navegadores web aceptan autom\u00e1ticamente las cookies, pero normalmente puede modificar la configuraci\u00f3n de su navegador para rechazar las cookies si lo prefiere. Esto puede impedir que aproveche al m\u00e1ximo el sitio web.<\/p><p><strong>Enlaces a otros sitios web<\/strong><\/p><p>Nuestro sitio web puede contener enlaces a otros sitios web de inter\u00e9s. Sin embargo, una vez que haya utilizado estos enlaces para salir de nuestro sitio, debe tener en cuenta que no tenemos ning\u00fan control sobre ese otro sitio web. Por lo tanto, no podemos ser responsables de la protecci\u00f3n y privacidad de cualquier informaci\u00f3n que usted proporcione mientras visita dichos sitios y dichos sitios no se rigen por esta declaraci\u00f3n de privacidad. Debe tener cuidado y consultar la declaraci\u00f3n de privacidad aplicable al sitio web en cuesti\u00f3n.<\/p><p><strong>Controlando su informaci\u00f3n personal<\/strong><\/p><p>Puede optar por restringir la recopilaci\u00f3n o el uso de su informaci\u00f3n personal de las siguientes maneras:<\/p><ul><li>Siempre que se le pida que complete un formulario en el sitio web, busque la casilla en la que puede hacer clic para indicar que no desea que nadie utilice la informaci\u00f3n con fines de marketing directo.<\/li><li>Si previamente ha dado su consentimiento para que utilicemos su informaci\u00f3n personal con fines de marketing directo, puede cambiar de opini\u00f3n en cualquier momento escribiendo a Jesus Manuel de la Toba Villiciencio, Calle la Joya, 22906 Isla de Cedros, B.C., M\u00e9xico o envi\u00e1ndonos un correo electr\u00f3nico a admin@cedrossportfishingadventures.com.<\/li><\/ul><p>No venderemos, distribuiremos ni cederemos su informaci\u00f3n personal a terceros a menos que tengamos su permiso o la ley nos exija hacerlo. Podemos utilizar su informaci\u00f3n personal para enviarle informaci\u00f3n promocional sobre terceros que creemos que puede resultarle interesante si nos dice que desea que esto suceda.<\/p><p>Puede solicitar detalles de la informaci\u00f3n personal que tenemos sobre usted en virtud de la Ley de protecci\u00f3n de datos de 1998. Se pagar\u00e1 una peque\u00f1a tarifa. Si desea una copia de la informaci\u00f3n que tenemos sobre usted, env\u00edenos un correo electr\u00f3nico a <a href=\"mailto:Toro@cedrossportfishingwithtoro.com\">toro@cedrossportfishingwithtoro.com<\/a><\/p>\t\t\t\t\t\t\t\t<\/div>\n\t\t\t\t<\/div>\n\t\t\t\t\t<\/div>\n\t\t<\/div>\n\t\t\t\t\t<\/div>\n\t\t<\/section>\n\t\t\t\t<\/div>","protected":false},"excerpt":{"rendered":"<p>This privacy policy sets out how Cedros Sportfishing With Toro uses and protects any information that you give Cedros Sportfishing With Toro when you use this website. Cedros Sportfishing With Toro is committed to ensuring that your privacy is protected. Should we ask you to provide certain information by which you can be identified when [&hellip;]<\/p>\n","protected":false},"author":2,"featured_media":0,"parent":0,"menu_order":0,"comment_status":"closed","ping_status":"closed","template":"","meta":{"_acf_changed":false,"footnotes":""},"class_list":["post-5679","page","type-page","status-publish","hentry"],"acf":[],"yoast_head":"<!-- This site is optimized with the Yoast SEO plugin v27.5 - https:\/\/yoast.com\/product\/yoast-seo-wordpress\/ -->\n<title>Privacy Policy - Cedro&#039;s Sportfishing With Toro<\/title>\n<meta name=\"description\" content=\"Cedro&#039;s Sportfihsing with Toro Privacy Policy.\" \/>\n<meta name=\"robots\" content=\"index, follow, max-snippet:-1, max-image-preview:large, max-video-preview:-1\" \/>\n<link rel=\"canonical\" href=\"https:\/\/cedrossportfishingwithtoro.com\/es\/privacy-policy\/\" \/>\n<meta property=\"og:locale\" content=\"es_MX\" \/>\n<meta property=\"og:type\" content=\"article\" \/>\n<meta property=\"og:title\" content=\"Privacy Policy - Cedro&#039;s Sportfishing With Toro\" \/>\n<meta property=\"og:description\" content=\"Cedro&#039;s Sportfihsing with Toro Privacy Policy.\" \/>\n<meta property=\"og:url\" content=\"https:\/\/cedrossportfishingwithtoro.com\/es\/privacy-policy\/\" \/>\n<meta property=\"og:site_name\" content=\"Cedro&#039;s Sportfishing With Toro\" \/>\n<meta property=\"article:publisher\" content=\"https:\/\/www.facebook.com\/Toro-sportfishing-100357915127779\/\" \/>\n<meta property=\"article:modified_time\" content=\"2026-01-29T23:07:49+00:00\" \/>\n<meta name=\"twitter:card\" content=\"summary_large_image\" \/>\n<meta name=\"twitter:label1\" content=\"Tiempo de lectura\" \/>\n\t<meta name=\"twitter:data1\" content=\"4 minutos\" \/>\n<script type=\"application\/ld+json\" class=\"yoast-schema-graph\">{\"@context\":\"https:\\\/\\\/schema.org\",\"@graph\":[{\"@type\":\"WebPage\",\"@id\":\"https:\\\/\\\/cedrossportfishingwithtoro.com\\\/privacy-policy\\\/\",\"url\":\"https:\\\/\\\/cedrossportfishingwithtoro.com\\\/privacy-policy\\\/\",\"name\":\"Privacy Policy - Cedro&#039;s Sportfishing With Toro\",\"isPartOf\":{\"@id\":\"https:\\\/\\\/cedrossportfishingwithtoro.com\\\/#website\"},\"datePublished\":\"2025-08-07T01:46:26+00:00\",\"dateModified\":\"2026-01-29T23:07:49+00:00\",\"description\":\"Cedro's Sportfihsing with Toro Privacy Policy.\",\"breadcrumb\":{\"@id\":\"https:\\\/\\\/cedrossportfishingwithtoro.com\\\/privacy-policy\\\/#breadcrumb\"},\"inLanguage\":\"es\",\"potentialAction\":[{\"@type\":\"ReadAction\",\"target\":[\"https:\\\/\\\/cedrossportfishingwithtoro.com\\\/privacy-policy\\\/\"]}]},{\"@type\":\"BreadcrumbList\",\"@id\":\"https:\\\/\\\/cedrossportfishingwithtoro.com\\\/privacy-policy\\\/#breadcrumb\",\"itemListElement\":[{\"@type\":\"ListItem\",\"position\":1,\"name\":\"Home\",\"item\":\"https:\\\/\\\/cedrossportfishingwithtoro.com\\\/\"},{\"@type\":\"ListItem\",\"position\":2,\"name\":\"Privacy Policy\"}]},{\"@type\":\"WebSite\",\"@id\":\"https:\\\/\\\/cedrossportfishingwithtoro.com\\\/#website\",\"url\":\"https:\\\/\\\/cedrossportfishingwithtoro.com\\\/\",\"name\":\"Cedro's Sportfishing With Toro\",\"description\":\"The Best Sportfihsing In Cedro&#039;s\",\"publisher\":{\"@id\":\"https:\\\/\\\/cedrossportfishingwithtoro.com\\\/#organization\"},\"potentialAction\":[{\"@type\":\"SearchAction\",\"target\":{\"@type\":\"EntryPoint\",\"urlTemplate\":\"https:\\\/\\\/cedrossportfishingwithtoro.com\\\/?s={search_term_string}\"},\"query-input\":{\"@type\":\"PropertyValueSpecification\",\"valueRequired\":true,\"valueName\":\"search_term_string\"}}],\"inLanguage\":\"es\"},{\"@type\":\"Organization\",\"@id\":\"https:\\\/\\\/cedrossportfishingwithtoro.com\\\/#organization\",\"name\":\"Cedro's Sportfishing With Toro\",\"url\":\"https:\\\/\\\/cedrossportfishingwithtoro.com\\\/\",\"logo\":{\"@type\":\"ImageObject\",\"inLanguage\":\"es\",\"@id\":\"https:\\\/\\\/cedrossportfishingwithtoro.com\\\/#\\\/schema\\\/logo\\\/image\\\/\",\"url\":\"https:\\\/\\\/cedrossportfishingwithtoro.com\\\/wp-content\\\/uploads\\\/2022\\\/02\\\/logo-test-2.png\",\"contentUrl\":\"https:\\\/\\\/cedrossportfishingwithtoro.com\\\/wp-content\\\/uploads\\\/2022\\\/02\\\/logo-test-2.png\",\"width\":400,\"height\":323,\"caption\":\"Cedro's Sportfishing With Toro\"},\"image\":{\"@id\":\"https:\\\/\\\/cedrossportfishingwithtoro.com\\\/#\\\/schema\\\/logo\\\/image\\\/\"},\"sameAs\":[\"https:\\\/\\\/www.facebook.com\\\/Toro-sportfishing-100357915127779\\\/\",\"https:\\\/\\\/www.instagram.com\\\/toro_sportfishing\\\/\",\"https:\\\/\\\/www.yelp.com\\\/biz\\\/cedros-sportfishing-with-toro-isla-de-cedros\",\"https:\\\/\\\/www.youtube.com\\\/channel\\\/UCPcndGwn61ZBkraEYQUdcjg\"]}]}<\/script>\n<!-- \/ Yoast SEO plugin. -->","yoast_head_json":{"title":"Privacy Policy - Cedro&#039;s Sportfishing With Toro","description":"Cedro's Sportfihsing with Toro Privacy Policy.","robots":{"index":"index","follow":"follow","max-snippet":"max-snippet:-1","max-image-preview":"max-image-preview:large","max-video-preview":"max-video-preview:-1"},"canonical":"https:\/\/cedrossportfishingwithtoro.com\/es\/privacy-policy\/","og_locale":"es_MX","og_type":"article","og_title":"Privacy Policy - Cedro&#039;s Sportfishing With Toro","og_description":"Cedro's Sportfihsing with Toro Privacy Policy.","og_url":"https:\/\/cedrossportfishingwithtoro.com\/es\/privacy-policy\/","og_site_name":"Cedro&#039;s Sportfishing With Toro","article_publisher":"https:\/\/www.facebook.com\/Toro-sportfishing-100357915127779\/","article_modified_time":"2026-01-29T23:07:49+00:00","twitter_card":"summary_large_image","twitter_misc":{"Tiempo de lectura":"4 minutos"},"schema":{"@context":"https:\/\/schema.org","@graph":[{"@type":"WebPage","@id":"https:\/\/cedrossportfishingwithtoro.com\/privacy-policy\/","url":"https:\/\/cedrossportfishingwithtoro.com\/privacy-policy\/","name":"Privacy Policy - Cedro&#039;s Sportfishing With Toro","isPartOf":{"@id":"https:\/\/cedrossportfishingwithtoro.com\/#website"},"datePublished":"2025-08-07T01:46:26+00:00","dateModified":"2026-01-29T23:07:49+00:00","description":"Cedro's Sportfihsing with Toro Privacy Policy.","breadcrumb":{"@id":"https:\/\/cedrossportfishingwithtoro.com\/privacy-policy\/#breadcrumb"},"inLanguage":"es","potentialAction":[{"@type":"ReadAction","target":["https:\/\/cedrossportfishingwithtoro.com\/privacy-policy\/"]}]},{"@type":"BreadcrumbList","@id":"https:\/\/cedrossportfishingwithtoro.com\/privacy-policy\/#breadcrumb","itemListElement":[{"@type":"ListItem","position":1,"name":"Home","item":"https:\/\/cedrossportfishingwithtoro.com\/"},{"@type":"ListItem","position":2,"name":"Privacy Policy"}]},{"@type":"WebSite","@id":"https:\/\/cedrossportfishingwithtoro.com\/#website","url":"https:\/\/cedrossportfishingwithtoro.com\/","name":"Cedro's Pesca Deportiva Con Toro","description":"The Best Sportfihsing In Cedro&#039;s","publisher":{"@id":"https:\/\/cedrossportfishingwithtoro.com\/#organization"},"potentialAction":[{"@type":"SearchAction","target":{"@type":"EntryPoint","urlTemplate":"https:\/\/cedrossportfishingwithtoro.com\/?s={search_term_string}"},"query-input":{"@type":"PropertyValueSpecification","valueRequired":true,"valueName":"search_term_string"}}],"inLanguage":"es"},{"@type":"Organization","@id":"https:\/\/cedrossportfishingwithtoro.com\/#organization","name":"Cedro's Pesca Deportiva Con Toro","url":"https:\/\/cedrossportfishingwithtoro.com\/","logo":{"@type":"ImageObject","inLanguage":"es","@id":"https:\/\/cedrossportfishingwithtoro.com\/#\/schema\/logo\/image\/","url":"https:\/\/cedrossportfishingwithtoro.com\/wp-content\/uploads\/2022\/02\/logo-test-2.png","contentUrl":"https:\/\/cedrossportfishingwithtoro.com\/wp-content\/uploads\/2022\/02\/logo-test-2.png","width":400,"height":323,"caption":"Cedro's Sportfishing With Toro"},"image":{"@id":"https:\/\/cedrossportfishingwithtoro.com\/#\/schema\/logo\/image\/"},"sameAs":["https:\/\/www.facebook.com\/Toro-sportfishing-100357915127779\/","https:\/\/www.instagram.com\/toro_sportfishing\/","https:\/\/www.yelp.com\/biz\/cedros-sportfishing-with-toro-isla-de-cedros","https:\/\/www.youtube.com\/channel\/UCPcndGwn61ZBkraEYQUdcjg"]}]}},"_links":{"self":[{"href":"https:\/\/cedrossportfishingwithtoro.com\/es\/wp-json\/wp\/v2\/pages\/5679","targetHints":{"allow":["GET"]}}],"collection":[{"href":"https:\/\/cedrossportfishingwithtoro.com\/es\/wp-json\/wp\/v2\/pages"}],"about":[{"href":"https:\/\/cedrossportfishingwithtoro.com\/es\/wp-json\/wp\/v2\/types\/page"}],"author":[{"embeddable":true,"href":"https:\/\/cedrossportfishingwithtoro.com\/es\/wp-json\/wp\/v2\/users\/2"}],"replies":[{"embeddable":true,"href":"https:\/\/cedrossportfishingwithtoro.com\/es\/wp-json\/wp\/v2\/comments?post=5679"}],"version-history":[{"count":6,"href":"https:\/\/cedrossportfishingwithtoro.com\/es\/wp-json\/wp\/v2\/pages\/5679\/revisions"}],"predecessor-version":[{"id":7638,"href":"https:\/\/cedrossportfishingwithtoro.com\/es\/wp-json\/wp\/v2\/pages\/5679\/revisions\/7638"}],"wp:attachment":[{"href":"https:\/\/cedrossportfishingwithtoro.com\/es\/wp-json\/wp\/v2\/media?parent=5679"}],"curies":[{"name":"wp","href":"https:\/\/api.w.org\/{rel}","templated":true}]}}