{"id":5961,"date":"2025-08-19T18:32:22","date_gmt":"2025-08-20T01:32:22","guid":{"rendered":"https:\/\/cedrossportfishingwithtoro.com\/cart\/"},"modified":"2025-08-19T18:32:22","modified_gmt":"2025-08-20T01:32:22","slug":"cart","status":"publish","type":"page","link":"https:\/\/cedrossportfishingwithtoro.com\/es\/cart\/","title":{"rendered":"Carro"},"content":{"rendered":"<div data-block-name=\"woocommerce\/cart\" class=\"wp-block-woocommerce-cart alignwide is-loading\">\n<div data-block-name=\"woocommerce\/filled-cart-block\" class=\"wp-block-woocommerce-filled-cart-block\">\n<div data-block-name=\"woocommerce\/cart-items-block\" class=\"wp-block-woocommerce-cart-items-block\">\n<div data-block-name=\"woocommerce\/cart-line-items-block\" class=\"wp-block-woocommerce-cart-line-items-block\"><\/div>\n\n\n\n<div data-block-name=\"woocommerce\/cart-cross-sells-block\" class=\"wp-block-woocommerce-cart-cross-sells-block\">\n<h2 class=\"wp-block-heading has-large-font-size\">You may be interested in\u2026<\/h2>\n\n\n\n<div data-block-name=\"woocommerce\/cart-cross-sells-products-block\" class=\"wp-block-woocommerce-cart-cross-sells-products-block\"><\/div>\n<\/div>\n<\/div>\n\n\n\n<div data-block-name=\"woocommerce\/cart-totals-block\" class=\"wp-block-woocommerce-cart-totals-block\">\n<div data-block-name=\"woocommerce\/cart-order-summary-block\" class=\"wp-block-woocommerce-cart-order-summary-block\">\n<div data-block-name=\"woocommerce\/cart-order-summary-heading-block\" class=\"wp-block-woocommerce-cart-order-summary-heading-block\"><\/div><div data-block-name=\"woocommerce\/cart-order-summary-coupon-form-block\" class=\"wp-block-woocommerce-cart-order-summary-coupon-form-block\"><\/div><div data-block-name=\"woocommerce\/cart-order-summary-totals-block\" class=\"wp-block-woocommerce-cart-order-summary-totals-block\">\n<div data-block-name=\"woocommerce\/cart-order-summary-subtotal-block\" class=\"wp-block-woocommerce-cart-order-summary-subtotal-block\"><\/div>\n<div data-block-name=\"woocommerce\/cart-order-summary-discount-block\" class=\"wp-block-woocommerce-cart-order-summary-discount-block\"><\/div>\n<div data-block-name=\"woocommerce\/cart-order-summary-fee-block\" class=\"wp-block-woocommerce-cart-order-summary-fee-block\"><\/div>\n<div data-block-name=\"woocommerce\/cart-order-summary-shipping-block\" class=\"wp-block-woocommerce-cart-order-summary-shipping-block\"><\/div>\n<div data-block-name=\"woocommerce\/cart-order-summary-taxes-block\" class=\"wp-block-woocommerce-cart-order-summary-taxes-block\"><\/div><\/div>\n<\/div>\n\n\n\n<div data-block-name=\"woocommerce\/cart-express-payment-block\" class=\"wp-block-woocommerce-cart-express-payment-block\"><\/div>\n\n\n\n<div data-block-name=\"woocommerce\/proceed-to-checkout-block\" class=\"wp-block-woocommerce-proceed-to-checkout-block\"><\/div>\n\n\n\n<div data-block-name=\"woocommerce\/cart-accepted-payment-methods-block\" class=\"wp-block-woocommerce-cart-accepted-payment-methods-block\"><\/div>\n<\/div>\n<\/div>\n\n\n\n<div data-block-name=\"woocommerce\/empty-cart-block\" class=\"wp-block-woocommerce-empty-cart-block\">\n<h2 class=\"wp-block-heading has-text-align-center with-empty-cart-icon wc-block-cart__empty-cart__title\">Your cart is currently empty!<\/h2>\n\n\n\n<hr class=\"wp-block-separator has-alpha-channel-opacity is-style-dots\"\/>\n\n\n\n<h2 class=\"wp-block-heading has-text-align-center\">New in store<\/h2>\n\n\n<div data-block-name=\"woocommerce\/product-new\" data-columns=\"4\" data-rows=\"1\" class=\"wc-block-grid wp-block-product-new wp-block-woocommerce-product-new wc-block-product-new has-4-columns\"><ul class=\"wc-block-grid__products\"><li class=\"wc-block-grid__product\">\n\t\t\t\t<a href=\"https:\/\/cedrossportfishingwithtoro.com\/es\/producto\/final-balance-for-5-days-4-5-fishing-days-tour\/\" class=\"wc-block-grid__product-link\">\n\t\t\t\t\t\n\t\t\t\t\t<div class=\"wc-block-grid__product-image\"><img fetchpriority=\"high\" decoding=\"async\" width=\"300\" height=\"300\" src=\"https:\/\/cedrossportfishingwithtoro.com\/wp-content\/uploads\/2026\/04\/cedros-premium-fishing-tours-300x300.jpg\" class=\"attachment-woocommerce_thumbnail size-woocommerce_thumbnail\" alt=\"Final Balance for 5 Days (4.5 fishing days) Tour\" srcset=\"https:\/\/cedrossportfishingwithtoro.com\/wp-content\/uploads\/2026\/04\/cedros-premium-fishing-tours-300x300.jpg 300w, https:\/\/cedrossportfishingwithtoro.com\/wp-content\/uploads\/2026\/04\/cedros-premium-fishing-tours-150x150.jpg 150w, https:\/\/cedrossportfishingwithtoro.com\/wp-content\/uploads\/2026\/04\/cedros-premium-fishing-tours-768x768.jpg 768w, https:\/\/cedrossportfishingwithtoro.com\/wp-content\/uploads\/2026\/04\/cedros-premium-fishing-tours-12x12.jpg 12w, https:\/\/cedrossportfishingwithtoro.com\/wp-content\/uploads\/2026\/04\/cedros-premium-fishing-tours-500x500.jpg 500w, https:\/\/cedrossportfishingwithtoro.com\/wp-content\/uploads\/2026\/04\/cedros-premium-fishing-tours-600x600.jpg 600w, https:\/\/cedrossportfishingwithtoro.com\/wp-content\/uploads\/2026\/04\/cedros-premium-fishing-tours-100x100.jpg 100w, https:\/\/cedrossportfishingwithtoro.com\/wp-content\/uploads\/2026\/04\/cedros-premium-fishing-tours.jpg 1000w\" sizes=\"(max-width: 300px) 100vw, 300px\" \/><\/div>\n\t\t\t\t\t<div class=\"wc-block-grid__product-title\">Final Balance for 5 Days (4.5 fishing days) Tour<\/div>\n\t\t\t\t<\/a>\n\t\t\t\t<div class=\"wc-block-grid__product-price price\"><span class=\"woocommerce-Price-amount amount\"><span class=\"woocommerce-Price-currencySymbol\">$<\/span>1,150.00<\/span><\/div>\n\t\t\t\t\n\t\t\t\t<div class=\"wp-block-button wc-block-grid__product-add-to-cart\"><a href=\"https:\/\/cedrossportfishingwithtoro.com\/es\/producto\/final-balance-for-5-days-4-5-fishing-days-tour\/\" aria-label=\"Add to cart: \u201cFinal Balance for 5 Days (4.5 fishing days) Tour\u201d\" data-quantity=\"1\" data-product_id=\"8199\" data-product_sku=\"\" data-price=\"1150\" rel=\"nofollow\" class=\"wp-block-button__link  add_to_cart_button\" data-no-translation-aria-label=\"\">Select options<\/a><\/div>\n\t\t\t<\/li><li class=\"wc-block-grid__product\">\n\t\t\t\t<a href=\"https:\/\/cedrossportfishingwithtoro.com\/es\/producto\/final-balance-for-4-days-3-5-fishing-days\/\" class=\"wc-block-grid__product-link\">\n\t\t\t\t\t\n\t\t\t\t\t<div class=\"wc-block-grid__product-image\"><img decoding=\"async\" width=\"300\" height=\"300\" src=\"https:\/\/cedrossportfishingwithtoro.com\/wp-content\/uploads\/2026\/04\/cedros-sportshing-tours-premium-300x300.jpg\" class=\"attachment-woocommerce_thumbnail size-woocommerce_thumbnail\" alt=\"Final Balance for 4 Days (3.5 fishing days) Tour\" srcset=\"https:\/\/cedrossportfishingwithtoro.com\/wp-content\/uploads\/2026\/04\/cedros-sportshing-tours-premium-300x300.jpg 300w, https:\/\/cedrossportfishingwithtoro.com\/wp-content\/uploads\/2026\/04\/cedros-sportshing-tours-premium-150x150.jpg 150w, https:\/\/cedrossportfishingwithtoro.com\/wp-content\/uploads\/2026\/04\/cedros-sportshing-tours-premium-768x768.jpg 768w, https:\/\/cedrossportfishingwithtoro.com\/wp-content\/uploads\/2026\/04\/cedros-sportshing-tours-premium-12x12.jpg 12w, https:\/\/cedrossportfishingwithtoro.com\/wp-content\/uploads\/2026\/04\/cedros-sportshing-tours-premium-500x500.jpg 500w, https:\/\/cedrossportfishingwithtoro.com\/wp-content\/uploads\/2026\/04\/cedros-sportshing-tours-premium-600x600.jpg 600w, https:\/\/cedrossportfishingwithtoro.com\/wp-content\/uploads\/2026\/04\/cedros-sportshing-tours-premium-100x100.jpg 100w, https:\/\/cedrossportfishingwithtoro.com\/wp-content\/uploads\/2026\/04\/cedros-sportshing-tours-premium.jpg 1000w\" sizes=\"(max-width: 300px) 100vw, 300px\" \/><\/div>\n\t\t\t\t\t<div class=\"wc-block-grid__product-title\">Final Balance for 4 Days (3.5 fishing days) Tour<\/div>\n\t\t\t\t<\/a>\n\t\t\t\t<div class=\"wc-block-grid__product-price price\"><span class=\"woocommerce-Price-amount amount\"><span class=\"woocommerce-Price-currencySymbol\">$<\/span>1,025.00<\/span><\/div>\n\t\t\t\t\n\t\t\t\t<div class=\"wp-block-button wc-block-grid__product-add-to-cart\"><a href=\"https:\/\/cedrossportfishingwithtoro.com\/es\/producto\/final-balance-for-4-days-3-5-fishing-days\/\" aria-label=\"Add to cart: \u201cFinal Balance for 4 Days (3.5 fishing days) Tour\u201d\" data-quantity=\"1\" data-product_id=\"8191\" data-product_sku=\"\" data-price=\"1025\" rel=\"nofollow\" class=\"wp-block-button__link  add_to_cart_button\" data-no-translation-aria-label=\"\">Select options<\/a><\/div>\n\t\t\t<\/li><li class=\"wc-block-grid__product\">\n\t\t\t\t<a href=\"https:\/\/cedrossportfishingwithtoro.com\/es\/producto\/extra-weight\/\" class=\"wc-block-grid__product-link\">\n\t\t\t\t\t\n\t\t\t\t\t<div class=\"wc-block-grid__product-image\"><img decoding=\"async\" width=\"300\" height=\"300\" src=\"https:\/\/cedrossportfishingwithtoro.com\/wp-content\/uploads\/2025\/07\/cedros-extra-weight-300x300.jpg\" class=\"attachment-woocommerce_thumbnail size-woocommerce_thumbnail\" alt=\"Extra Weight\" srcset=\"https:\/\/cedrossportfishingwithtoro.com\/wp-content\/uploads\/2025\/07\/cedros-extra-weight-300x300.jpg 300w, https:\/\/cedrossportfishingwithtoro.com\/wp-content\/uploads\/2025\/07\/cedros-extra-weight-150x150.jpg 150w, https:\/\/cedrossportfishingwithtoro.com\/wp-content\/uploads\/2025\/07\/cedros-extra-weight-12x12.jpg 12w, https:\/\/cedrossportfishingwithtoro.com\/wp-content\/uploads\/2025\/07\/cedros-extra-weight-100x100.jpg 100w, https:\/\/cedrossportfishingwithtoro.com\/wp-content\/uploads\/2025\/07\/cedros-extra-weight.jpg 500w\" sizes=\"(max-width: 300px) 100vw, 300px\" \/><\/div>\n\t\t\t\t\t<div class=\"wc-block-grid__product-title\">Peso Extra<\/div>\n\t\t\t\t<\/a>\n\t\t\t\t<div class=\"wc-block-grid__product-price price\"><span class=\"woocommerce-Price-amount amount\"><span class=\"woocommerce-Price-currencySymbol\">$<\/span>260.00<\/span><\/div>\n\t\t\t\t\n\t\t\t\t<div class=\"wp-block-button wc-block-grid__product-add-to-cart\"><a href=\"https:\/\/cedrossportfishingwithtoro.com\/es\/producto\/extra-weight\/\" aria-label=\"Add to cart: \u201cExtra Weight\u201d\" data-quantity=\"1\" data-product_id=\"941\" data-product_sku=\"\" data-price=\"260\" rel=\"nofollow\" class=\"wp-block-button__link  add_to_cart_button\" data-no-translation-aria-label=\"\">Select options<\/a><\/div>\n\t\t\t<\/li><li class=\"wc-block-grid__product\">\n\t\t\t\t<a href=\"https:\/\/cedrossportfishingwithtoro.com\/es\/producto\/premium-tour-service-5-days-4-5-fishing-days\/\" class=\"wc-block-grid__product-link\">\n\t\t\t\t\t\n\t\t\t\t\t<div class=\"wc-block-grid__product-image\"><img loading=\"lazy\" decoding=\"async\" width=\"300\" height=\"300\" src=\"https:\/\/cedrossportfishingwithtoro.com\/wp-content\/uploads\/2025\/07\/Premium-Tour-Service-5-Days-4.5-fishing-days-300x300.jpg\" class=\"attachment-woocommerce_thumbnail size-woocommerce_thumbnail\" alt=\"Premium Tour Service 5 Days (4.5 fishing days)\" srcset=\"https:\/\/cedrossportfishingwithtoro.com\/wp-content\/uploads\/2025\/07\/Premium-Tour-Service-5-Days-4.5-fishing-days-300x300.jpg 300w, https:\/\/cedrossportfishingwithtoro.com\/wp-content\/uploads\/2025\/07\/Premium-Tour-Service-5-Days-4.5-fishing-days-150x150.jpg 150w, https:\/\/cedrossportfishingwithtoro.com\/wp-content\/uploads\/2025\/07\/Premium-Tour-Service-5-Days-4.5-fishing-days-768x768.jpg 768w, https:\/\/cedrossportfishingwithtoro.com\/wp-content\/uploads\/2025\/07\/Premium-Tour-Service-5-Days-4.5-fishing-days-12x12.jpg 12w, https:\/\/cedrossportfishingwithtoro.com\/wp-content\/uploads\/2025\/07\/Premium-Tour-Service-5-Days-4.5-fishing-days-500x500.jpg 500w, https:\/\/cedrossportfishingwithtoro.com\/wp-content\/uploads\/2025\/07\/Premium-Tour-Service-5-Days-4.5-fishing-days-600x600.jpg 600w, https:\/\/cedrossportfishingwithtoro.com\/wp-content\/uploads\/2025\/07\/Premium-Tour-Service-5-Days-4.5-fishing-days-100x100.jpg 100w, https:\/\/cedrossportfishingwithtoro.com\/wp-content\/uploads\/2025\/07\/Premium-Tour-Service-5-Days-4.5-fishing-days.jpg 1000w\" sizes=\"(max-width: 300px) 100vw, 300px\" \/><\/div>\n\t\t\t\t\t<div class=\"wc-block-grid__product-title\">Servicio De Guia Pr\u00e9mium 5 D\u00edas (4.5 d\u00edas de pesca)<\/div>\n\t\t\t\t<\/a>\n\t\t\t\t<div class=\"wc-block-grid__product-price price\"><span class=\"woocommerce-Price-amount amount\"><span class=\"woocommerce-Price-currencySymbol\">$<\/span>3,300.00<\/span><\/div>\n\t\t\t\t\n\t\t\t\t<div class=\"wp-block-button wc-block-grid__product-add-to-cart\"><a href=\"https:\/\/cedrossportfishingwithtoro.com\/es\/producto\/premium-tour-service-5-days-4-5-fishing-days\/\" aria-label=\"Elige las opciones para \u201cPremium Tour Service 5 Days (4.5 fishing days)\u201d\" data-quantity=\"1\" data-product_id=\"940\" data-product_sku=\"\" data-price=\"1650\" rel=\"nofollow\" class=\"wp-block-button__link  add_to_cart_button\" data-no-translation-aria-label=\"\">Select options<\/a><\/div>\n\t\t\t<\/li><\/ul><\/div><\/div>\n<\/div>","protected":false},"excerpt":{"rendered":"","protected":false},"author":1,"featured_media":0,"parent":0,"menu_order":0,"comment_status":"closed","ping_status":"closed","template":"","meta":{"_acf_changed":false,"footnotes":""},"class_list":["post-5961","page","type-page","status-publish","hentry"],"acf":[],"yoast_head":"<!-- This site is optimized with the Yoast SEO plugin v27.4 - https:\/\/yoast.com\/product\/yoast-seo-wordpress\/ -->\n<title>Cart - Cedro&#039;s Sportfishing With Toro<\/title>\n<meta name=\"robots\" content=\"index, follow, max-snippet:-1, max-image-preview:large, max-video-preview:-1\" \/>\n<link rel=\"canonical\" href=\"https:\/\/cedrossportfishingwithtoro.com\/es\/cart\/\" \/>\n<meta property=\"og:locale\" content=\"es_MX\" \/>\n<meta property=\"og:type\" content=\"article\" \/>\n<meta property=\"og:title\" content=\"Cart - Cedro&#039;s Sportfishing With Toro\" \/>\n<meta property=\"og:url\" content=\"https:\/\/cedrossportfishingwithtoro.com\/es\/cart\/\" \/>\n<meta property=\"og:site_name\" content=\"Cedro&#039;s Sportfishing With Toro\" \/>\n<meta property=\"article:publisher\" content=\"https:\/\/www.facebook.com\/Toro-sportfishing-100357915127779\/\" \/>\n<meta name=\"twitter:card\" content=\"summary_large_image\" \/>\n<script type=\"application\/ld+json\" class=\"yoast-schema-graph\">{\"@context\":\"https:\\\/\\\/schema.org\",\"@graph\":[{\"@type\":\"WebPage\",\"@id\":\"https:\\\/\\\/cedrossportfishingwithtoro.com\\\/cart\\\/\",\"url\":\"https:\\\/\\\/cedrossportfishingwithtoro.com\\\/cart\\\/\",\"name\":\"Cart - Cedro&#039;s Sportfishing With Toro\",\"isPartOf\":{\"@id\":\"https:\\\/\\\/cedrossportfishingwithtoro.com\\\/#website\"},\"datePublished\":\"2025-08-20T01:32:22+00:00\",\"breadcrumb\":{\"@id\":\"https:\\\/\\\/cedrossportfishingwithtoro.com\\\/cart\\\/#breadcrumb\"},\"inLanguage\":\"es\",\"potentialAction\":[{\"@type\":\"ReadAction\",\"target\":[\"https:\\\/\\\/cedrossportfishingwithtoro.com\\\/cart\\\/\"]}]},{\"@type\":\"BreadcrumbList\",\"@id\":\"https:\\\/\\\/cedrossportfishingwithtoro.com\\\/cart\\\/#breadcrumb\",\"itemListElement\":[{\"@type\":\"ListItem\",\"position\":1,\"name\":\"Home\",\"item\":\"https:\\\/\\\/cedrossportfishingwithtoro.com\\\/\"},{\"@type\":\"ListItem\",\"position\":2,\"name\":\"Cart\"}]},{\"@type\":\"WebSite\",\"@id\":\"https:\\\/\\\/cedrossportfishingwithtoro.com\\\/#website\",\"url\":\"https:\\\/\\\/cedrossportfishingwithtoro.com\\\/\",\"name\":\"Cedro's Sportfishing With Toro\",\"description\":\"The Best Sportfihsing In Cedro&#039;s\",\"publisher\":{\"@id\":\"https:\\\/\\\/cedrossportfishingwithtoro.com\\\/#organization\"},\"potentialAction\":[{\"@type\":\"SearchAction\",\"target\":{\"@type\":\"EntryPoint\",\"urlTemplate\":\"https:\\\/\\\/cedrossportfishingwithtoro.com\\\/?s={search_term_string}\"},\"query-input\":{\"@type\":\"PropertyValueSpecification\",\"valueRequired\":true,\"valueName\":\"search_term_string\"}}],\"inLanguage\":\"es\"},{\"@type\":\"Organization\",\"@id\":\"https:\\\/\\\/cedrossportfishingwithtoro.com\\\/#organization\",\"name\":\"Cedro's Sportfishing With Toro\",\"url\":\"https:\\\/\\\/cedrossportfishingwithtoro.com\\\/\",\"logo\":{\"@type\":\"ImageObject\",\"inLanguage\":\"es\",\"@id\":\"https:\\\/\\\/cedrossportfishingwithtoro.com\\\/#\\\/schema\\\/logo\\\/image\\\/\",\"url\":\"https:\\\/\\\/cedrossportfishingwithtoro.com\\\/wp-content\\\/uploads\\\/2022\\\/02\\\/logo-test-2.png\",\"contentUrl\":\"https:\\\/\\\/cedrossportfishingwithtoro.com\\\/wp-content\\\/uploads\\\/2022\\\/02\\\/logo-test-2.png\",\"width\":400,\"height\":323,\"caption\":\"Cedro's Sportfishing With Toro\"},\"image\":{\"@id\":\"https:\\\/\\\/cedrossportfishingwithtoro.com\\\/#\\\/schema\\\/logo\\\/image\\\/\"},\"sameAs\":[\"https:\\\/\\\/www.facebook.com\\\/Toro-sportfishing-100357915127779\\\/\",\"https:\\\/\\\/www.instagram.com\\\/toro_sportfishing\\\/\",\"https:\\\/\\\/www.yelp.com\\\/biz\\\/cedros-sportfishing-with-toro-isla-de-cedros\",\"https:\\\/\\\/www.youtube.com\\\/channel\\\/UCPcndGwn61ZBkraEYQUdcjg\"]}]}<\/script>\n<!-- \/ Yoast SEO plugin. -->","yoast_head_json":{"title":"Cart - Cedro&#039;s Sportfishing With Toro","robots":{"index":"index","follow":"follow","max-snippet":"max-snippet:-1","max-image-preview":"max-image-preview:large","max-video-preview":"max-video-preview:-1"},"canonical":"https:\/\/cedrossportfishingwithtoro.com\/es\/cart\/","og_locale":"es_MX","og_type":"article","og_title":"Cart - Cedro&#039;s Sportfishing With Toro","og_url":"https:\/\/cedrossportfishingwithtoro.com\/es\/cart\/","og_site_name":"Cedro&#039;s Sportfishing With Toro","article_publisher":"https:\/\/www.facebook.com\/Toro-sportfishing-100357915127779\/","twitter_card":"summary_large_image","schema":{"@context":"https:\/\/schema.org","@graph":[{"@type":"WebPage","@id":"https:\/\/cedrossportfishingwithtoro.com\/cart\/","url":"https:\/\/cedrossportfishingwithtoro.com\/cart\/","name":"Cart - Cedro&#039;s Sportfishing With Toro","isPartOf":{"@id":"https:\/\/cedrossportfishingwithtoro.com\/#website"},"datePublished":"2025-08-20T01:32:22+00:00","breadcrumb":{"@id":"https:\/\/cedrossportfishingwithtoro.com\/cart\/#breadcrumb"},"inLanguage":"es","potentialAction":[{"@type":"ReadAction","target":["https:\/\/cedrossportfishingwithtoro.com\/cart\/"]}]},{"@type":"BreadcrumbList","@id":"https:\/\/cedrossportfishingwithtoro.com\/cart\/#breadcrumb","itemListElement":[{"@type":"ListItem","position":1,"name":"Home","item":"https:\/\/cedrossportfishingwithtoro.com\/"},{"@type":"ListItem","position":2,"name":"Cart"}]},{"@type":"WebSite","@id":"https:\/\/cedrossportfishingwithtoro.com\/#website","url":"https:\/\/cedrossportfishingwithtoro.com\/","name":"Cedro's Pesca Deportiva Con Toro","description":"The Best Sportfihsing In Cedro&#039;s","publisher":{"@id":"https:\/\/cedrossportfishingwithtoro.com\/#organization"},"potentialAction":[{"@type":"SearchAction","target":{"@type":"EntryPoint","urlTemplate":"https:\/\/cedrossportfishingwithtoro.com\/?s={search_term_string}"},"query-input":{"@type":"PropertyValueSpecification","valueRequired":true,"valueName":"search_term_string"}}],"inLanguage":"es"},{"@type":"Organization","@id":"https:\/\/cedrossportfishingwithtoro.com\/#organization","name":"Cedro's Pesca Deportiva Con Toro","url":"https:\/\/cedrossportfishingwithtoro.com\/","logo":{"@type":"ImageObject","inLanguage":"es","@id":"https:\/\/cedrossportfishingwithtoro.com\/#\/schema\/logo\/image\/","url":"https:\/\/cedrossportfishingwithtoro.com\/wp-content\/uploads\/2022\/02\/logo-test-2.png","contentUrl":"https:\/\/cedrossportfishingwithtoro.com\/wp-content\/uploads\/2022\/02\/logo-test-2.png","width":400,"height":323,"caption":"Cedro's Sportfishing With Toro"},"image":{"@id":"https:\/\/cedrossportfishingwithtoro.com\/#\/schema\/logo\/image\/"},"sameAs":["https:\/\/www.facebook.com\/Toro-sportfishing-100357915127779\/","https:\/\/www.instagram.com\/toro_sportfishing\/","https:\/\/www.yelp.com\/biz\/cedros-sportfishing-with-toro-isla-de-cedros","https:\/\/www.youtube.com\/channel\/UCPcndGwn61ZBkraEYQUdcjg"]}]}},"_links":{"self":[{"href":"https:\/\/cedrossportfishingwithtoro.com\/es\/wp-json\/wp\/v2\/pages\/5961","targetHints":{"allow":["GET"]}}],"collection":[{"href":"https:\/\/cedrossportfishingwithtoro.com\/es\/wp-json\/wp\/v2\/pages"}],"about":[{"href":"https:\/\/cedrossportfishingwithtoro.com\/es\/wp-json\/wp\/v2\/types\/page"}],"author":[{"embeddable":true,"href":"https:\/\/cedrossportfishingwithtoro.com\/es\/wp-json\/wp\/v2\/users\/1"}],"replies":[{"embeddable":true,"href":"https:\/\/cedrossportfishingwithtoro.com\/es\/wp-json\/wp\/v2\/comments?post=5961"}],"version-history":[{"count":0,"href":"https:\/\/cedrossportfishingwithtoro.com\/es\/wp-json\/wp\/v2\/pages\/5961\/revisions"}],"wp:attachment":[{"href":"https:\/\/cedrossportfishingwithtoro.com\/es\/wp-json\/wp\/v2\/media?parent=5961"}],"curies":[{"name":"wp","href":"https:\/\/api.w.org\/{rel}","templated":true}]}}