{"id":965,"date":"2025-07-30T16:44:26","date_gmt":"2025-07-30T23:44:26","guid":{"rendered":"https:\/\/cedrossportfishingwithtoro.com\/?page_id=965"},"modified":"2025-09-10T17:07:55","modified_gmt":"2025-09-11T00:07:55","slug":"terms-and-conditions","status":"publish","type":"page","link":"https:\/\/cedrossportfishingwithtoro.com\/es\/terms-and-conditions\/","title":{"rendered":"T\u00e9rminos y Condiciones"},"content":{"rendered":"<p>Su uso de este sitio web y\/o la compra de cualquier producto a trav\u00e9s de este sitio web constituye su aceptaci\u00f3n de los siguientes T\u00e9rminos y condiciones. Al acceder\u00a0<a href=\"https:\/\/cedrossportfishingwithtoro.com\/es\/\">cedrossportfishingwithtoro.com<\/a>\u00a0(el \"Sitio web\"), usted (el \"Usuario\" o \"usted\") declara y garantiza que ha le\u00eddo, entendido y acepta (1) estar sujeto a los siguientes T\u00e9rminos y condiciones (\"Acuerdo\"); (2) que tiene el derecho, la autoridad y la capacidad para cumplir con este Acuerdo; y (3) que acepta cumplir con todas las leyes y reglamentos aplicables con respecto a su acceso y uso del sitio web.<\/p>\r\n\r\n\r\n\r\n<p>Cedros Sportfishing With Toro se reserva el derecho de actualizar, cambiar, modificar o alterar estos T\u00e9rminos y Condiciones en cualquier momento sin previo aviso. Dichas revisiones entrar\u00e1n en vigencia inmediatamente despu\u00e9s de la notificaci\u00f3n de las mismas, y dicha notificaci\u00f3n puede realizarse a trav\u00e9s de cualquier medio, incluido, entre otros, la publicaci\u00f3n de los t\u00e9rminos revisados en el sitio web. Es su responsabilidad revisar este Acuerdo en busca de revisiones y modificaciones que puedan afectar sus derechos u obligaciones a continuaci\u00f3n. Usted acepta que estar\u00e1 sujeto a dichas modificaciones a esos t\u00e9rminos. CUALQUIER ACCESO O USO DE ESTE SITIO WEB POR USTED DESPU\u00c9S DEL AVISO DE REVISIONES CONSTITUIR\u00c1 Y SE CONSIDERAR\u00c1 SU ACUERDO CON LOS T\u00c9RMINOS REVISADOS.<\/p>\r\n\r\n\r\n\r\n<p>Estos T\u00e9rminos son efectivos a menos y hasta que Cedros Sportfishing With Toro los rescinda. Cedros Sportfishing With Toro puede rescindir estos T\u00e9rminos sin previo aviso y en cualquier momento. En caso de rescisi\u00f3n, ya no estar\u00e1 autorizado a acceder al sitio web y las restricciones que se le impongan con respecto al Contenido (seg\u00fan se define en el presente) y las exenciones de responsabilidad, indemnizaciones y limitaciones de responsabilidad establecidas en estos T\u00e9rminos sobrevivir\u00e1n a la rescisi\u00f3n. Cedros Sportfishing With Toro tambi\u00e9n tendr\u00e1 el derecho, sin previo aviso y en cualquier momento, de cancelar el sitio web o cualquier parte del mismo, o cualquier producto o servicio ofrecido a trav\u00e9s del sitio web, o cancelar el derecho de cualquier persona a acceder o utilizar el sitio web o cualquier parte del mismo. .\u00a0<\/p>\r\n\r\n\r\n\r\n<p>Cedros sportfishing with Toro es ajeno a la aerol\u00ednea que viaja a la isla, por lo cual no nos hacemos responsables por cambios de horario o d\u00edas sin previo aviso.<\/p>\r\n\r\n\r\n\r\n<p>Cedros sportfishing with Toro no se hace responsable por cambios, demoras o cancelaci\u00f3n de viaje derivados de inclemencias meteorol\u00f3gicas. Por lo cual le recomendamos ampliamente adquirir su seguro de viaje.<\/p>\r\n\r\n\r\n\r\n<p>Todas las reservas requieren una tarifa de reserva del 3.5% que se incluir\u00e1 en su cargo.<\/p>","protected":false},"excerpt":{"rendered":"<p>Your use of this website and\/or purchase of any products through this website constitute your agreement to the following Terms and Conditions.\u00a0 By accessing\u00a0cedrossportfishingwithtoro.com\u00a0(the \u201cWebsite\u201d), you (the \u201cUser\u201d or \u201cyou\u201d) represent and warrant that you have read, understood and agree (1) to be bound by the following Terms and Conditions (\u201cAgreement\u201d); (2) that you have [&hellip;]<\/p>\n","protected":false},"author":2,"featured_media":0,"parent":0,"menu_order":0,"comment_status":"closed","ping_status":"closed","template":"","meta":{"_acf_changed":false,"footnotes":""},"class_list":["post-965","page","type-page","status-publish","hentry"],"acf":[],"yoast_head":"<!-- This site is optimized with the Yoast SEO plugin v27.5 - https:\/\/yoast.com\/product\/yoast-seo-wordpress\/ -->\n<title>Terms and Conditions - Cedro&#039;s Sportfishing With Toro<\/title>\n<meta name=\"robots\" content=\"index, follow, max-snippet:-1, max-image-preview:large, max-video-preview:-1\" \/>\n<link rel=\"canonical\" href=\"https:\/\/cedrossportfishingwithtoro.com\/es\/terms-and-conditions\/\" \/>\n<meta property=\"og:locale\" content=\"es_MX\" \/>\n<meta property=\"og:type\" content=\"article\" \/>\n<meta property=\"og:title\" content=\"Terms and Conditions - Cedro&#039;s Sportfishing With Toro\" \/>\n<meta property=\"og:description\" content=\"Your use of this website and\/or purchase of any products through this website constitute your agreement to the following Terms and Conditions.\u00a0 By accessing\u00a0cedrossportfishingwithtoro.com\u00a0(the \u201cWebsite\u201d), you (the \u201cUser\u201d or \u201cyou\u201d) represent and warrant that you have read, understood and agree (1) to be bound by the following Terms and Conditions (\u201cAgreement\u201d); (2) that you have [&hellip;]\" \/>\n<meta property=\"og:url\" content=\"https:\/\/cedrossportfishingwithtoro.com\/es\/terms-and-conditions\/\" \/>\n<meta property=\"og:site_name\" content=\"Cedro&#039;s Sportfishing With Toro\" \/>\n<meta property=\"article:publisher\" content=\"https:\/\/www.facebook.com\/Toro-sportfishing-100357915127779\/\" \/>\n<meta property=\"article:modified_time\" content=\"2025-09-11T00:07:55+00:00\" \/>\n<meta name=\"twitter:card\" content=\"summary_large_image\" \/>\n<meta name=\"twitter:label1\" content=\"Tiempo de lectura\" \/>\n\t<meta name=\"twitter:data1\" content=\"2 minutos\" \/>\n<script type=\"application\/ld+json\" class=\"yoast-schema-graph\">{\"@context\":\"https:\\\/\\\/schema.org\",\"@graph\":[{\"@type\":\"WebPage\",\"@id\":\"https:\\\/\\\/cedrossportfishingwithtoro.com\\\/terms-and-conditions\\\/\",\"url\":\"https:\\\/\\\/cedrossportfishingwithtoro.com\\\/terms-and-conditions\\\/\",\"name\":\"Terms and Conditions - Cedro&#039;s Sportfishing With Toro\",\"isPartOf\":{\"@id\":\"https:\\\/\\\/cedrossportfishingwithtoro.com\\\/#website\"},\"datePublished\":\"2025-07-30T23:44:26+00:00\",\"dateModified\":\"2025-09-11T00:07:55+00:00\",\"breadcrumb\":{\"@id\":\"https:\\\/\\\/cedrossportfishingwithtoro.com\\\/terms-and-conditions\\\/#breadcrumb\"},\"inLanguage\":\"es\",\"potentialAction\":[{\"@type\":\"ReadAction\",\"target\":[\"https:\\\/\\\/cedrossportfishingwithtoro.com\\\/terms-and-conditions\\\/\"]}]},{\"@type\":\"BreadcrumbList\",\"@id\":\"https:\\\/\\\/cedrossportfishingwithtoro.com\\\/terms-and-conditions\\\/#breadcrumb\",\"itemListElement\":[{\"@type\":\"ListItem\",\"position\":1,\"name\":\"Home\",\"item\":\"https:\\\/\\\/cedrossportfishingwithtoro.com\\\/\"},{\"@type\":\"ListItem\",\"position\":2,\"name\":\"Terms and Conditions\"}]},{\"@type\":\"WebSite\",\"@id\":\"https:\\\/\\\/cedrossportfishingwithtoro.com\\\/#website\",\"url\":\"https:\\\/\\\/cedrossportfishingwithtoro.com\\\/\",\"name\":\"Cedro's Sportfishing With Toro\",\"description\":\"The Best Sportfihsing In Cedro&#039;s\",\"publisher\":{\"@id\":\"https:\\\/\\\/cedrossportfishingwithtoro.com\\\/#organization\"},\"potentialAction\":[{\"@type\":\"SearchAction\",\"target\":{\"@type\":\"EntryPoint\",\"urlTemplate\":\"https:\\\/\\\/cedrossportfishingwithtoro.com\\\/?s={search_term_string}\"},\"query-input\":{\"@type\":\"PropertyValueSpecification\",\"valueRequired\":true,\"valueName\":\"search_term_string\"}}],\"inLanguage\":\"es\"},{\"@type\":\"Organization\",\"@id\":\"https:\\\/\\\/cedrossportfishingwithtoro.com\\\/#organization\",\"name\":\"Cedro's Sportfishing With Toro\",\"url\":\"https:\\\/\\\/cedrossportfishingwithtoro.com\\\/\",\"logo\":{\"@type\":\"ImageObject\",\"inLanguage\":\"es\",\"@id\":\"https:\\\/\\\/cedrossportfishingwithtoro.com\\\/#\\\/schema\\\/logo\\\/image\\\/\",\"url\":\"https:\\\/\\\/cedrossportfishingwithtoro.com\\\/wp-content\\\/uploads\\\/2022\\\/02\\\/logo-test-2.png\",\"contentUrl\":\"https:\\\/\\\/cedrossportfishingwithtoro.com\\\/wp-content\\\/uploads\\\/2022\\\/02\\\/logo-test-2.png\",\"width\":400,\"height\":323,\"caption\":\"Cedro's Sportfishing With Toro\"},\"image\":{\"@id\":\"https:\\\/\\\/cedrossportfishingwithtoro.com\\\/#\\\/schema\\\/logo\\\/image\\\/\"},\"sameAs\":[\"https:\\\/\\\/www.facebook.com\\\/Toro-sportfishing-100357915127779\\\/\",\"https:\\\/\\\/www.instagram.com\\\/toro_sportfishing\\\/\",\"https:\\\/\\\/www.yelp.com\\\/biz\\\/cedros-sportfishing-with-toro-isla-de-cedros\",\"https:\\\/\\\/www.youtube.com\\\/channel\\\/UCPcndGwn61ZBkraEYQUdcjg\"]}]}<\/script>\n<!-- \/ Yoast SEO plugin. -->","yoast_head_json":{"title":"Terms and Conditions - Cedro&#039;s Sportfishing With Toro","robots":{"index":"index","follow":"follow","max-snippet":"max-snippet:-1","max-image-preview":"max-image-preview:large","max-video-preview":"max-video-preview:-1"},"canonical":"https:\/\/cedrossportfishingwithtoro.com\/es\/terms-and-conditions\/","og_locale":"es_MX","og_type":"article","og_title":"Terms and Conditions - Cedro&#039;s Sportfishing With Toro","og_description":"Your use of this website and\/or purchase of any products through this website constitute your agreement to the following Terms and Conditions.\u00a0 By accessing\u00a0cedrossportfishingwithtoro.com\u00a0(the \u201cWebsite\u201d), you (the \u201cUser\u201d or \u201cyou\u201d) represent and warrant that you have read, understood and agree (1) to be bound by the following Terms and Conditions (\u201cAgreement\u201d); (2) that you have [&hellip;]","og_url":"https:\/\/cedrossportfishingwithtoro.com\/es\/terms-and-conditions\/","og_site_name":"Cedro&#039;s Sportfishing With Toro","article_publisher":"https:\/\/www.facebook.com\/Toro-sportfishing-100357915127779\/","article_modified_time":"2025-09-11T00:07:55+00:00","twitter_card":"summary_large_image","twitter_misc":{"Tiempo de lectura":"2 minutos"},"schema":{"@context":"https:\/\/schema.org","@graph":[{"@type":"WebPage","@id":"https:\/\/cedrossportfishingwithtoro.com\/terms-and-conditions\/","url":"https:\/\/cedrossportfishingwithtoro.com\/terms-and-conditions\/","name":"Terms and Conditions - Cedro&#039;s Sportfishing With Toro","isPartOf":{"@id":"https:\/\/cedrossportfishingwithtoro.com\/#website"},"datePublished":"2025-07-30T23:44:26+00:00","dateModified":"2025-09-11T00:07:55+00:00","breadcrumb":{"@id":"https:\/\/cedrossportfishingwithtoro.com\/terms-and-conditions\/#breadcrumb"},"inLanguage":"es","potentialAction":[{"@type":"ReadAction","target":["https:\/\/cedrossportfishingwithtoro.com\/terms-and-conditions\/"]}]},{"@type":"BreadcrumbList","@id":"https:\/\/cedrossportfishingwithtoro.com\/terms-and-conditions\/#breadcrumb","itemListElement":[{"@type":"ListItem","position":1,"name":"Home","item":"https:\/\/cedrossportfishingwithtoro.com\/"},{"@type":"ListItem","position":2,"name":"Terms and Conditions"}]},{"@type":"WebSite","@id":"https:\/\/cedrossportfishingwithtoro.com\/#website","url":"https:\/\/cedrossportfishingwithtoro.com\/","name":"Cedro's Pesca Deportiva Con Toro","description":"The Best Sportfihsing In Cedro&#039;s","publisher":{"@id":"https:\/\/cedrossportfishingwithtoro.com\/#organization"},"potentialAction":[{"@type":"SearchAction","target":{"@type":"EntryPoint","urlTemplate":"https:\/\/cedrossportfishingwithtoro.com\/?s={search_term_string}"},"query-input":{"@type":"PropertyValueSpecification","valueRequired":true,"valueName":"search_term_string"}}],"inLanguage":"es"},{"@type":"Organization","@id":"https:\/\/cedrossportfishingwithtoro.com\/#organization","name":"Cedro's Pesca Deportiva Con Toro","url":"https:\/\/cedrossportfishingwithtoro.com\/","logo":{"@type":"ImageObject","inLanguage":"es","@id":"https:\/\/cedrossportfishingwithtoro.com\/#\/schema\/logo\/image\/","url":"https:\/\/cedrossportfishingwithtoro.com\/wp-content\/uploads\/2022\/02\/logo-test-2.png","contentUrl":"https:\/\/cedrossportfishingwithtoro.com\/wp-content\/uploads\/2022\/02\/logo-test-2.png","width":400,"height":323,"caption":"Cedro's Sportfishing With Toro"},"image":{"@id":"https:\/\/cedrossportfishingwithtoro.com\/#\/schema\/logo\/image\/"},"sameAs":["https:\/\/www.facebook.com\/Toro-sportfishing-100357915127779\/","https:\/\/www.instagram.com\/toro_sportfishing\/","https:\/\/www.yelp.com\/biz\/cedros-sportfishing-with-toro-isla-de-cedros","https:\/\/www.youtube.com\/channel\/UCPcndGwn61ZBkraEYQUdcjg"]}]}},"_links":{"self":[{"href":"https:\/\/cedrossportfishingwithtoro.com\/es\/wp-json\/wp\/v2\/pages\/965","targetHints":{"allow":["GET"]}}],"collection":[{"href":"https:\/\/cedrossportfishingwithtoro.com\/es\/wp-json\/wp\/v2\/pages"}],"about":[{"href":"https:\/\/cedrossportfishingwithtoro.com\/es\/wp-json\/wp\/v2\/types\/page"}],"author":[{"embeddable":true,"href":"https:\/\/cedrossportfishingwithtoro.com\/es\/wp-json\/wp\/v2\/users\/2"}],"replies":[{"embeddable":true,"href":"https:\/\/cedrossportfishingwithtoro.com\/es\/wp-json\/wp\/v2\/comments?post=965"}],"version-history":[{"count":0,"href":"https:\/\/cedrossportfishingwithtoro.com\/es\/wp-json\/wp\/v2\/pages\/965\/revisions"}],"wp:attachment":[{"href":"https:\/\/cedrossportfishingwithtoro.com\/es\/wp-json\/wp\/v2\/media?parent=965"}],"curies":[{"name":"wp","href":"https:\/\/api.w.org\/{rel}","templated":true}]}}